{"id":1454,"date":"2022-02-07T21:24:50","date_gmt":"2022-02-07T21:24:50","guid":{"rendered":"https:\/\/pma.org.pe\/?page_id=1454"},"modified":"2024-12-19T14:46:34","modified_gmt":"2024-12-19T19:46:34","slug":"planes-de-trabajo","status":"publish","type":"page","link":"https:\/\/pma.org.pe\/en\/informate\/planes-de-trabajo\/","title":{"rendered":"Planes de Trabajo"},"content":{"rendered":"<div data-elementor-type=\"wp-page\" data-elementor-id=\"1454\" class=\"elementor elementor-1454\">\n\t\t\t\t\t\t<section class=\"elementor-section elementor-top-section elementor-element elementor-element-f56fb8b elementor-section-full_width elementor-section-height-default elementor-section-height-default\" data-id=\"f56fb8b\" data-element_type=\"section\" data-settings=\"{&quot;background_background&quot;:&quot;classic&quot;}\">\n\t\t\t\t\t\t<div class=\"elementor-container elementor-column-gap-default\">\n\t\t\t\t\t<div class=\"elementor-column elementor-col-100 elementor-top-column elementor-element elementor-element-0097543\" data-id=\"0097543\" data-element_type=\"column\">\n\t\t\t<div class=\"elementor-widget-wrap elementor-element-populated\">\n\t\t\t\t\t\t<div class=\"elementor-element elementor-element-32bafc8 elementor-widget elementor-widget-prime-slider-general\" data-id=\"32bafc8\" data-element_type=\"widget\" data-widget_type=\"prime-slider-general.default\">\n\t\t\t\t<div class=\"elementor-widget-container\">\n\t\t\t\t\t\t\t<div class=\"bdt-prime-slider\">\n\t\t\t<div class=\"bdt-prime-slider-skin-general\">\n\t\t\t\t<div class=\"bdt-position-relative bdt-visible-toggle\" bdt-slideshow=\"{&quot;animation&quot;:&quot;fade&quot;,&quot;ratio&quot;:&quot;1280:524&quot;,&quot;min-height&quot;:50,&quot;autoplay&quot;:true,&quot;autoplay-interval&quot;:7000,&quot;pause-on-hover&quot;:false,&quot;draggable&quot;:true,&quot;velocity&quot;:1,&quot;finite&quot;:false}\" data-settings=\"{&quot;id&quot;:&quot;#bdt-32bafc8&quot;,&quot;animation_status&quot;:&quot;no&quot;}\" id=\"bdt-32bafc8\">\n\t\t\t\t\t<ul class=\"bdt-slideshow-items\">\n\t\t\t\t\t\t\n\t\t\t<li\n\t\t\t\tclass=\"bdt-slideshow-item bdt-flex bdt-flex-middle bdt-flex-center elementor-repeater-item-3695ede\">\n\t\t\t\t\n\t\t\t\t\t\t\t\t\t\t\t\n\t\t<div class=\"bdt-ps-slide-img\" style=\"background-image: url('https:\/\/pma.org.pe\/wp-content\/uploads\/2022\/03\/planes-slider.png')\"><\/div>\n\n\t\t\t\t\t\t\t\n\t\t\t\t\t\n\t\t\t\t\n\t\t\t\t\t\t<div class=\"bdt-prime-slider-wrapper\">\n\t\t\t<div class=\"bdt-prime-slider-content\">\n\t\t\t\t<div class=\"bdt-prime-slider-desc\">\n\n\t\t\t\t\t\t\t\t\t\t\t<div class=\"bdt-sub-title\">\n\t\t\t\t\t\t\t<h4\t\t\t\t\t\t\t\tdata-reveal=\"reveal-active\" class=\"bdt-ps-sub-title\"\n\t\t\t\t\t\t\t\tdata-bdt-slideshow-parallax=\"x: 50,0,-10; opacity: 1,1,0\">\n\t\t\t\t\t\t\t\tLEARN MORE ABOUT\t\t\t\t\t\t\t<\/h4>\n\t\t\t\t\t\t<\/div>\n\t\t\t\t\t\n\t\t\t\t\t\t\t\t\t\t\t<div data-reveal=\"reveal-active\" class=\"bdt-main-title\" data-bdt-slideshow-parallax=\"x: 100,0,-20; opacity: 1,1,0\">\n\t\t\t\t\t\t\t<h1\t\t\t\t\t\t\t\tclass=\"bdt-title-tag\">\n\t\t\t\t\t\t\t\t\t\t\t\t\t\t\t\t\tWORK PLANS\t\t\t\t\t\t\t\t\t\t\t\t\t\t\t\t<\/h1>\n\t\t\t\t\t\t<\/div>\n\t\t\t\t\t\n\t\t\t\t\t\n\t\t\t\t\t<div data-bdt-slideshow-parallax=\"x: 150,0,-30; opacity: 1,1,0\">\n\t\t\t\t\t\t<div class=\"bdt-btn-wrapper\">\n\t\t\t\t\t\t\t\t\t\t\t\t\t<\/div>\n\t\t\t\t\t<\/div>\n\t\t\t\t<\/div>\n\n\t\t\t\t\n\t\t\t<\/div>\n\t\t<\/div>\n\t\t\t\t\t<\/li>\n\n\t\t\n\t\t\t\t\t<\/ul>\n\t\t\t\t\t\n\t\t\n\t\t\t\t\t\t\t\n\t\t\n\t\t\t\t\t\t<\/div>\n\t\t\t\t\t\t\t\t\t\t\t<\/div>\n\t\t<\/div>\n\t\t\t\t\t\t<\/div>\n\t\t\t\t<\/div>\n\t\t\t\t\t<\/div>\n\t\t<\/div>\n\t\t\t\t\t<\/div>\n\t\t<\/section>\n\t\t\t\t<section class=\"elementor-section elementor-top-section elementor-element elementor-element-b4fc9ff elementor-section-boxed elementor-section-height-default elementor-section-height-default\" data-id=\"b4fc9ff\" data-element_type=\"section\" data-settings=\"{&quot;background_background&quot;:&quot;classic&quot;}\">\n\t\t\t\t\t\t<div class=\"elementor-container elementor-column-gap-default\">\n\t\t\t\t\t<div class=\"elementor-column elementor-col-100 elementor-top-column elementor-element elementor-element-935a97b\" data-id=\"935a97b\" data-element_type=\"column\">\n\t\t\t<div class=\"elementor-widget-wrap elementor-element-populated\">\n\t\t\t\t\t\t<div class=\"elementor-element elementor-element-0cc6602 elementor-widget elementor-widget-spacer\" data-id=\"0cc6602\" data-element_type=\"widget\" data-widget_type=\"spacer.default\">\n\t\t\t\t<div class=\"elementor-widget-container\">\n\t\t\t\t\t\t\t<div class=\"elementor-spacer\">\n\t\t\t<div class=\"elementor-spacer-inner\"><\/div>\n\t\t<\/div>\n\t\t\t\t\t\t<\/div>\n\t\t\t\t<\/div>\n\t\t\t\t<section class=\"elementor-section elementor-inner-section elementor-element elementor-element-9363644 elementor-section-boxed elementor-section-height-default elementor-section-height-default\" data-id=\"9363644\" data-element_type=\"section\">\n\t\t\t\t\t\t<div class=\"elementor-container elementor-column-gap-wider\">\n\t\t\t\t\t<div class=\"elementor-column elementor-col-100 elementor-inner-column elementor-element elementor-element-97ae1dc\" data-id=\"97ae1dc\" data-element_type=\"column\">\n\t\t\t<div class=\"elementor-widget-wrap elementor-element-populated\">\n\t\t\t\t\t\t<div class=\"elementor-element elementor-element-bceafca elementor-widget elementor-widget-text-editor\" data-id=\"bceafca\" data-element_type=\"widget\" data-widget_type=\"text-editor.default\">\n\t\t\t\t<div class=\"elementor-widget-container\">\n\t\t\t\t\t\t\t\t\t<p><b>WORK PLANS<\/b><\/p>\t\t\t\t\t\t\t\t<\/div>\n\t\t\t\t<\/div>\n\t\t\t\t<div class=\"elementor-element elementor-element-1e49821 elementor-widget elementor-widget-text-editor\" data-id=\"1e49821\" data-element_type=\"widget\" data-widget_type=\"text-editor.default\">\n\t\t\t\t<div class=\"elementor-widget-container\">\n\t\t\t\t\t\t\t\t\t<p><span style=\"font-weight: 400;\">Review PMA annual work plans to further know the objectives proposed each season, as well as the activities suggested to meet the objectives and its relationship with the milestones of the mahi mahi FIP.<\/span><\/p>\t\t\t\t\t\t\t\t<\/div>\n\t\t\t\t<\/div>\n\t\t\t\t<div class=\"elementor-element elementor-element-42cad6e elementor-widget elementor-widget-text-editor\" data-id=\"42cad6e\" data-element_type=\"widget\" data-widget_type=\"text-editor.default\">\n\t\t\t\t<div class=\"elementor-widget-container\">\n\t\t\t\t\t\t\t\t\t<ul>\n<li aria-level=\"1\">Actualizaci\u00f3n del plan de trabajo Octubre 2021 (<strong><a href=\"https:\/\/pma.org.pe\/wp-content\/uploads\/2022\/06\/Plan-ENG-VER.pdf\" target=\"_blank\" rel=\"noopener\">Download<\/a><\/strong>)<\/li>\n<li style=\"font-weight: 400;\" aria-level=\"1\"><span style=\"font-weight: 400;\">Plan de Trabajo Anual 2020-2021 (<strong><a href=\"https:\/\/pma.org.pe\/wp-content\/uploads\/2022\/02\/An\u0303o-1_PLAN-DE-ACCION-Julio-2020-2021-2.pdf\" target=\"_blank\" rel=\"noopener\">Download<\/a><\/strong>)<\/span><\/li>\n<li><span style=\"font-weight: 400;\">Plan de Trabajo Anual 2021 &#8211; 2022 (<strong><a href=\"https:\/\/pma.org.pe\/wp-content\/uploads\/2022\/02\/An\u0303o-2_-Plan-de-Accio\u0301n_-agosto-2021-julio-2022-.pdf\" target=\"_blank\" rel=\"noopener\">Download<\/a><\/strong>)<\/span><\/li>\n<li><span style=\"font-weight: 400;\">Plan de Trabajo Anual 2022- 2023 (<strong><a href=\"https:\/\/pma.org.pe\/wp-content\/uploads\/2022\/11\/Plan-anual-FIP-perico.pdf\" target=\"_blank\" rel=\"noopener\">Download<\/a><\/strong>)<\/span><\/li>\n<li><span style=\"font-weight: 400;\">Plan de Trabajo Anual 2023 &#8211; 2024 (<\/span><b><a href=\"https:\/\/pma.org.pe\/wp-content\/uploads\/2024\/05\/Plan-de-trabajo-2023-2024.pdf\">Download<\/a><\/b><span style=\"font-weight: 400;\">)&nbsp;<\/span><\/li>\n<li>Plan de Trabajo Anual 2023 &#8211; 2024 (<a href=\"https:\/\/pma.org.pe\/wp-content\/uploads\/2024\/05\/Work-Plan-2023-2024.pdf\"><strong>Download<\/strong><\/a>)<\/li>\n<li>Plan de Trabajo Anual 2024 &#8211; 2025 (<a href=\"https:\/\/pma.org.pe\/wp-content\/uploads\/2024\/12\/Plan-accion-2024-2025-.pdf\" target=\"_blank\"><b>Download<\/b><\/a>)<\/li>\n<\/ul>\t\t\t\t\t\t\t\t<\/div>\n\t\t\t\t<\/div>\n\t\t\t\t<div class=\"elementor-element elementor-element-dc42997 elementor-widget elementor-widget-spacer\" data-id=\"dc42997\" data-element_type=\"widget\" data-widget_type=\"spacer.default\">\n\t\t\t\t<div class=\"elementor-widget-container\">\n\t\t\t\t\t\t\t<div class=\"elementor-spacer\">\n\t\t\t<div class=\"elementor-spacer-inner\"><\/div>\n\t\t<\/div>\n\t\t\t\t\t\t<\/div>\n\t\t\t\t<\/div>\n\t\t\t\t\t<\/div>\n\t\t<\/div>\n\t\t\t\t\t<\/div>\n\t\t<\/section>\n\t\t\t\t\t<\/div>\n\t\t<\/div>\n\t\t\t\t\t<\/div>\n\t\t<\/section>\n\t\t\t\t<section class=\"elementor-section elementor-top-section elementor-element elementor-element-86801ad elementor-section-boxed elementor-section-height-default elementor-section-height-default\" data-id=\"86801ad\" data-element_type=\"section\">\n\t\t\t\t\t\t<div class=\"elementor-container elementor-column-gap-default\">\n\t\t\t\t\t<div class=\"elementor-column elementor-col-100 elementor-top-column elementor-element elementor-element-75a4f6e\" data-id=\"75a4f6e\" data-element_type=\"column\">\n\t\t\t<div class=\"elementor-widget-wrap elementor-element-populated\">\n\t\t\t\t\t\t<div class=\"elementor-element elementor-element-a854553 elementor-widget elementor-widget-spacer\" data-id=\"a854553\" data-element_type=\"widget\" data-widget_type=\"spacer.default\">\n\t\t\t\t<div class=\"elementor-widget-container\">\n\t\t\t\t\t\t\t<div class=\"elementor-spacer\">\n\t\t\t<div class=\"elementor-spacer-inner\"><\/div>\n\t\t<\/div>\n\t\t\t\t\t\t<\/div>\n\t\t\t\t<\/div>\n\t\t\t\t<section class=\"elementor-section elementor-inner-section elementor-element elementor-element-18414f7 elementor-section-boxed elementor-section-height-default elementor-section-height-default\" data-id=\"18414f7\" data-element_type=\"section\">\n\t\t\t\t\t\t<div class=\"elementor-container elementor-column-gap-default\">\n\t\t\t\t\t<div class=\"elementor-column elementor-col-33 elementor-inner-column elementor-element elementor-element-1b789bf\" data-id=\"1b789bf\" data-element_type=\"column\" data-settings=\"{&quot;background_background&quot;:&quot;classic&quot;}\">\n\t\t\t<div class=\"elementor-widget-wrap elementor-element-populated\">\n\t\t\t\t\t\t<div class=\"elementor-element elementor-element-200d2b1 elementor-widget elementor-widget-text-editor\" data-id=\"200d2b1\" data-element_type=\"widget\" data-widget_type=\"text-editor.default\">\n\t\t\t\t<div class=\"elementor-widget-container\">\n\t\t\t\t\t\t\t\t\t<p><b>More information<\/b><\/p>\t\t\t\t\t\t\t\t<\/div>\n\t\t\t\t<\/div>\n\t\t\t\t<div class=\"elementor-element elementor-element-745fbca elementor-widget elementor-widget-text-editor\" data-id=\"745fbca\" data-element_type=\"widget\" data-widget_type=\"text-editor.default\">\n\t\t\t\t<div class=\"elementor-widget-container\">\n\t\t\t\t\t\t\t\t\t<p><span style=\"font-weight: 400;\">See al the information about<\/span><span style=\"font-style: inherit;\">\u00a0Peru Mahi Allliance<\/span><\/p>\t\t\t\t\t\t\t\t<\/div>\n\t\t\t\t<\/div>\n\t\t\t\t<div class=\"elementor-element elementor-element-aab600b elementor-widget elementor-widget-text-editor\" data-id=\"aab600b\" data-element_type=\"widget\" data-widget_type=\"text-editor.default\">\n\t\t\t\t<div class=\"elementor-widget-container\">\n\t\t\t\t\t\t\t\t\t<p><a href=\"https:\/\/pma.org.pe\/en\/informate\/actas-de-reuniones\/\">Ver actas de reuniones<\/a><br \/><a href=\"https:\/\/pma.org.pe\/en\/informate\/planes-de-trabajo\/\" data-wplink-edit=\"true\">Ver reportes<\/a><\/p>\t\t\t\t\t\t\t\t<\/div>\n\t\t\t\t<\/div>\n\t\t\t\t\t<\/div>\n\t\t<\/div>\n\t\t\t\t<div class=\"elementor-column elementor-col-33 elementor-inner-column elementor-element elementor-element-4788d37\" data-id=\"4788d37\" data-element_type=\"column\" data-settings=\"{&quot;background_background&quot;:&quot;classic&quot;}\">\n\t\t\t<div class=\"elementor-widget-wrap elementor-element-populated\">\n\t\t\t\t\t\t<div class=\"elementor-element elementor-element-ee22caa elementor-widget elementor-widget-text-editor\" data-id=\"ee22caa\" data-element_type=\"widget\" data-widget_type=\"text-editor.default\">\n\t\t\t\t<div class=\"elementor-widget-container\">\n\t\t\t\t\t\t\t\t\t<p><b>Videos<\/b><\/p>\t\t\t\t\t\t\t\t<\/div>\n\t\t\t\t<\/div>\n\t\t\t\t<div class=\"elementor-element elementor-element-6934c38 elementor-widget elementor-widget-text-editor\" data-id=\"6934c38\" data-element_type=\"widget\" data-widget_type=\"text-editor.default\">\n\t\t\t\t<div class=\"elementor-widget-container\">\n\t\t\t\t\t\t\t\t\t<p>Watch here our videos<\/p>\t\t\t\t\t\t\t\t<\/div>\n\t\t\t\t<\/div>\n\t\t\t\t<div class=\"elementor-element elementor-element-5c7e6ed elementor-align-center elementor-widget elementor-widget-button\" data-id=\"5c7e6ed\" data-element_type=\"widget\" data-widget_type=\"button.default\">\n\t\t\t\t<div class=\"elementor-widget-container\">\n\t\t\t\t\t\t\t\t\t<div class=\"elementor-button-wrapper\">\n\t\t\t\t\t<a class=\"elementor-button elementor-button-link elementor-size-sm\" href=\"https:\/\/pma.org.pe\/en\/informate\/videos\/\">\n\t\t\t\t\t\t<span class=\"elementor-button-content-wrapper\">\n\t\t\t\t\t\t\t\t\t<span class=\"elementor-button-text\">ver videos<\/span>\n\t\t\t\t\t<\/span>\n\t\t\t\t\t<\/a>\n\t\t\t\t<\/div>\n\t\t\t\t\t\t\t\t<\/div>\n\t\t\t\t<\/div>\n\t\t\t\t\t<\/div>\n\t\t<\/div>\n\t\t\t\t<div class=\"elementor-column elementor-col-33 elementor-inner-column elementor-element elementor-element-9cf527c\" data-id=\"9cf527c\" data-element_type=\"column\" data-settings=\"{&quot;background_background&quot;:&quot;classic&quot;}\">\n\t\t\t<div class=\"elementor-widget-wrap elementor-element-populated\">\n\t\t\t\t\t\t<div class=\"elementor-element elementor-element-d0940ef elementor-widget elementor-widget-text-editor\" data-id=\"d0940ef\" data-element_type=\"widget\" data-widget_type=\"text-editor.default\">\n\t\t\t\t<div class=\"elementor-widget-container\">\n\t\t\t\t\t\t\t\t\t<p>Join<\/p>\t\t\t\t\t\t\t\t<\/div>\n\t\t\t\t<\/div>\n\t\t\t\t<div class=\"elementor-element elementor-element-2e5f5ac elementor-widget elementor-widget-text-editor\" data-id=\"2e5f5ac\" data-element_type=\"widget\" data-widget_type=\"text-editor.default\">\n\t\t\t\t<div class=\"elementor-widget-container\">\n\t\t\t\t\t\t\t\t\t<p>If you are commited with mahi mahi sustainability, write to the following email, and be part of our alliance.<\/p>\t\t\t\t\t\t\t\t<\/div>\n\t\t\t\t<\/div>\n\t\t\t\t<div class=\"elementor-element elementor-element-183d51c elementor-widget elementor-widget-text-editor\" data-id=\"183d51c\" data-element_type=\"widget\" data-widget_type=\"text-editor.default\">\n\t\t\t\t<div class=\"elementor-widget-container\">\n\t\t\t\t\t\t\t\t\t<p><a href=\"mailto:contacto@pma.org.pe\">contacto@pma.org.pe<\/a><\/p>\t\t\t\t\t\t\t\t<\/div>\n\t\t\t\t<\/div>\n\t\t\t\t\t<\/div>\n\t\t<\/div>\n\t\t\t\t\t<\/div>\n\t\t<\/section>\n\t\t\t\t\t<\/div>\n\t\t<\/div>\n\t\t\t\t\t<\/div>\n\t\t<\/section>\n\t\t\t\t<\/div>","protected":false},"excerpt":{"rendered":"<p>CONOCE LO \u00daLTIMO PLANES DE TRABAJO PLANES DE TRABAJO Revisa los planes de trabajo anual del PMA. En ellos podr\u00e1s encontrar los objetivos propuestos cada temporada, as\u00ed como las actividades planteadas para cumplir con los objetivos y cu\u00e1l es su relaci\u00f3n con los hitos del FIP de perico. Actualizaci\u00f3n del plan de trabajo Octubre 2021 [&hellip;]<\/p>","protected":false},"author":2,"featured_media":0,"parent":794,"menu_order":0,"comment_status":"closed","ping_status":"closed","template":"","meta":{"site-sidebar-layout":"no-sidebar","site-content-layout":"page-builder","ast-site-content-layout":"default","site-content-style":"default","site-sidebar-style":"default","ast-global-header-display":"","ast-banner-title-visibility":"","ast-main-header-display":"","ast-hfb-above-header-display":"","ast-hfb-below-header-display":"","ast-hfb-mobile-header-display":"","site-post-title":"disabled","ast-breadcrumbs-content":"","ast-featured-img":"","footer-sml-layout":"","ast-disable-related-posts":"","theme-transparent-header-meta":"enabled","adv-header-id-meta":"","stick-header-meta":"","header-above-stick-meta":"","header-main-stick-meta":"","header-below-stick-meta":"","astra-migrate-meta-layouts":"default","ast-page-background-enabled":"default","ast-page-background-meta":{"desktop":{"background-color":"","background-image":"","background-repeat":"repeat","background-position":"center center","background-size":"auto","background-attachment":"scroll","background-type":"","background-media":"","overlay-type":"","overlay-color":"","overlay-opacity":"","overlay-gradient":""},"tablet":{"background-color":"","background-image":"","background-repeat":"repeat","background-position":"center center","background-size":"auto","background-attachment":"scroll","background-type":"","background-media":"","overlay-type":"","overlay-color":"","overlay-opacity":"","overlay-gradient":""},"mobile":{"background-color":"","background-image":"","background-repeat":"repeat","background-position":"center center","background-size":"auto","background-attachment":"scroll","background-type":"","background-media":"","overlay-type":"","overlay-color":"","overlay-opacity":"","overlay-gradient":""}},"ast-content-background-meta":{"desktop":{"background-color":"var(--ast-global-color-5)","background-image":"","background-repeat":"repeat","background-position":"center center","background-size":"auto","background-attachment":"scroll","background-type":"","background-media":"","overlay-type":"","overlay-color":"","overlay-opacity":"","overlay-gradient":""},"tablet":{"background-color":"var(--ast-global-color-5)","background-image":"","background-repeat":"repeat","background-position":"center center","background-size":"auto","background-attachment":"scroll","background-type":"","background-media":"","overlay-type":"","overlay-color":"","overlay-opacity":"","overlay-gradient":""},"mobile":{"background-color":"var(--ast-global-color-5)","background-image":"","background-repeat":"repeat","background-position":"center center","background-size":"auto","background-attachment":"scroll","background-type":"","background-media":"","overlay-type":"","overlay-color":"","overlay-opacity":"","overlay-gradient":""}},"footnotes":""},"class_list":["post-1454","page","type-page","status-publish","hentry"],"yoast_head":"<!-- This site is optimized with the Yoast SEO plugin v26.9 - https:\/\/yoast.com\/product\/yoast-seo-wordpress\/ -->\n<title>Planes de Trabajo - Peru Mahi Alliance<\/title>\n<meta name=\"robots\" content=\"index, follow, max-snippet:-1, max-image-preview:large, max-video-preview:-1\" \/>\n<link rel=\"canonical\" href=\"https:\/\/pma.org.pe\/en\/informate\/planes-de-trabajo\/\" \/>\n<meta property=\"og:locale\" content=\"en_US\" \/>\n<meta property=\"og:type\" content=\"article\" \/>\n<meta property=\"og:title\" content=\"Planes de Trabajo - Peru Mahi Alliance\" \/>\n<meta property=\"og:description\" content=\"CONOCE LO \u00daLTIMO PLANES DE TRABAJO PLANES DE TRABAJO Revisa los planes de trabajo anual del PMA. En ellos podr\u00e1s encontrar los objetivos propuestos cada temporada, as\u00ed como las actividades planteadas para cumplir con los objetivos y cu\u00e1l es su relaci\u00f3n con los hitos del FIP de perico. Actualizaci\u00f3n del plan de trabajo Octubre 2021 [&hellip;]\" \/>\n<meta property=\"og:url\" content=\"https:\/\/pma.org.pe\/en\/informate\/planes-de-trabajo\/\" \/>\n<meta property=\"og:site_name\" content=\"Peru Mahi Alliance\" \/>\n<meta property=\"article:modified_time\" content=\"2024-12-19T19:46:34+00:00\" \/>\n<meta name=\"twitter:card\" content=\"summary_large_image\" \/>\n<meta name=\"twitter:label1\" content=\"Est. reading time\" \/>\n\t<meta name=\"twitter:data1\" content=\"1 minute\" \/>\n<script type=\"application\/ld+json\" class=\"yoast-schema-graph\">{\"@context\":\"https:\/\/schema.org\",\"@graph\":[{\"@type\":\"WebPage\",\"@id\":\"https:\/\/pma.org.pe\/informate\/planes-de-trabajo\/\",\"url\":\"https:\/\/pma.org.pe\/informate\/planes-de-trabajo\/\",\"name\":\"Planes de Trabajo - Peru Mahi Alliance\",\"isPartOf\":{\"@id\":\"https:\/\/pma.org.pe\/#website\"},\"datePublished\":\"2022-02-07T21:24:50+00:00\",\"dateModified\":\"2024-12-19T19:46:34+00:00\",\"breadcrumb\":{\"@id\":\"https:\/\/pma.org.pe\/informate\/planes-de-trabajo\/#breadcrumb\"},\"inLanguage\":\"en-US\",\"potentialAction\":[{\"@type\":\"ReadAction\",\"target\":[\"https:\/\/pma.org.pe\/informate\/planes-de-trabajo\/\"]}]},{\"@type\":\"BreadcrumbList\",\"@id\":\"https:\/\/pma.org.pe\/informate\/planes-de-trabajo\/#breadcrumb\",\"itemListElement\":[{\"@type\":\"ListItem\",\"position\":1,\"name\":\"Home\",\"item\":\"https:\/\/pma.org.pe\/\"},{\"@type\":\"ListItem\",\"position\":2,\"name\":\"Inf\u00f3rmate\",\"item\":\"https:\/\/pma.org.pe\/informate\/\"},{\"@type\":\"ListItem\",\"position\":3,\"name\":\"Planes de Trabajo\"}]},{\"@type\":\"WebSite\",\"@id\":\"https:\/\/pma.org.pe\/#website\",\"url\":\"https:\/\/pma.org.pe\/\",\"name\":\"Peru Mahi Alliance\",\"description\":\"Per\u00fa\",\"publisher\":{\"@id\":\"https:\/\/pma.org.pe\/#organization\"},\"potentialAction\":[{\"@type\":\"SearchAction\",\"target\":{\"@type\":\"EntryPoint\",\"urlTemplate\":\"https:\/\/pma.org.pe\/?s={search_term_string}\"},\"query-input\":{\"@type\":\"PropertyValueSpecification\",\"valueRequired\":true,\"valueName\":\"search_term_string\"}}],\"inLanguage\":\"en-US\"},{\"@type\":\"Organization\",\"@id\":\"https:\/\/pma.org.pe\/#organization\",\"name\":\"Peru Mahi Alliance\",\"url\":\"https:\/\/pma.org.pe\/\",\"logo\":{\"@type\":\"ImageObject\",\"inLanguage\":\"en-US\",\"@id\":\"https:\/\/pma.org.pe\/#\/schema\/logo\/image\/\",\"url\":\"https:\/\/pma.org.pe\/wp-content\/uploads\/2022\/01\/cropped-cropped-cropped-logo-mahi-color.png\",\"contentUrl\":\"https:\/\/pma.org.pe\/wp-content\/uploads\/2022\/01\/cropped-cropped-cropped-logo-mahi-color.png\",\"width\":512,\"height\":512,\"caption\":\"Peru Mahi Alliance\"},\"image\":{\"@id\":\"https:\/\/pma.org.pe\/#\/schema\/logo\/image\/\"}}]}<\/script>\n<!-- \/ Yoast SEO plugin. -->","yoast_head_json":{"title":"Planes de Trabajo - Peru Mahi Alliance","robots":{"index":"index","follow":"follow","max-snippet":"max-snippet:-1","max-image-preview":"max-image-preview:large","max-video-preview":"max-video-preview:-1"},"canonical":"https:\/\/pma.org.pe\/en\/informate\/planes-de-trabajo\/","og_locale":"en_US","og_type":"article","og_title":"Planes de Trabajo - Peru Mahi Alliance","og_description":"CONOCE LO \u00daLTIMO PLANES DE TRABAJO PLANES DE TRABAJO Revisa los planes de trabajo anual del PMA. En ellos podr\u00e1s encontrar los objetivos propuestos cada temporada, as\u00ed como las actividades planteadas para cumplir con los objetivos y cu\u00e1l es su relaci\u00f3n con los hitos del FIP de perico. Actualizaci\u00f3n del plan de trabajo Octubre 2021 [&hellip;]","og_url":"https:\/\/pma.org.pe\/en\/informate\/planes-de-trabajo\/","og_site_name":"Peru Mahi Alliance","article_modified_time":"2024-12-19T19:46:34+00:00","twitter_card":"summary_large_image","twitter_misc":{"Est. reading time":"1 minute"},"schema":{"@context":"https:\/\/schema.org","@graph":[{"@type":"WebPage","@id":"https:\/\/pma.org.pe\/informate\/planes-de-trabajo\/","url":"https:\/\/pma.org.pe\/informate\/planes-de-trabajo\/","name":"Planes de Trabajo - Peru Mahi Alliance","isPartOf":{"@id":"https:\/\/pma.org.pe\/#website"},"datePublished":"2022-02-07T21:24:50+00:00","dateModified":"2024-12-19T19:46:34+00:00","breadcrumb":{"@id":"https:\/\/pma.org.pe\/informate\/planes-de-trabajo\/#breadcrumb"},"inLanguage":"en-US","potentialAction":[{"@type":"ReadAction","target":["https:\/\/pma.org.pe\/informate\/planes-de-trabajo\/"]}]},{"@type":"BreadcrumbList","@id":"https:\/\/pma.org.pe\/informate\/planes-de-trabajo\/#breadcrumb","itemListElement":[{"@type":"ListItem","position":1,"name":"Home","item":"https:\/\/pma.org.pe\/"},{"@type":"ListItem","position":2,"name":"Inf\u00f3rmate","item":"https:\/\/pma.org.pe\/informate\/"},{"@type":"ListItem","position":3,"name":"Planes de Trabajo"}]},{"@type":"WebSite","@id":"https:\/\/pma.org.pe\/#website","url":"https:\/\/pma.org.pe\/","name":"Peru Mahi Alliance","description":"Per\u00fa","publisher":{"@id":"https:\/\/pma.org.pe\/#organization"},"potentialAction":[{"@type":"SearchAction","target":{"@type":"EntryPoint","urlTemplate":"https:\/\/pma.org.pe\/?s={search_term_string}"},"query-input":{"@type":"PropertyValueSpecification","valueRequired":true,"valueName":"search_term_string"}}],"inLanguage":"en-US"},{"@type":"Organization","@id":"https:\/\/pma.org.pe\/#organization","name":"Peru Mahi Alliance","url":"https:\/\/pma.org.pe\/","logo":{"@type":"ImageObject","inLanguage":"en-US","@id":"https:\/\/pma.org.pe\/#\/schema\/logo\/image\/","url":"https:\/\/pma.org.pe\/wp-content\/uploads\/2022\/01\/cropped-cropped-cropped-logo-mahi-color.png","contentUrl":"https:\/\/pma.org.pe\/wp-content\/uploads\/2022\/01\/cropped-cropped-cropped-logo-mahi-color.png","width":512,"height":512,"caption":"Peru Mahi Alliance"},"image":{"@id":"https:\/\/pma.org.pe\/#\/schema\/logo\/image\/"}}]}},"_links":{"self":[{"href":"https:\/\/pma.org.pe\/en\/wp-json\/wp\/v2\/pages\/1454","targetHints":{"allow":["GET"]}}],"collection":[{"href":"https:\/\/pma.org.pe\/en\/wp-json\/wp\/v2\/pages"}],"about":[{"href":"https:\/\/pma.org.pe\/en\/wp-json\/wp\/v2\/types\/page"}],"author":[{"embeddable":true,"href":"https:\/\/pma.org.pe\/en\/wp-json\/wp\/v2\/users\/2"}],"replies":[{"embeddable":true,"href":"https:\/\/pma.org.pe\/en\/wp-json\/wp\/v2\/comments?post=1454"}],"version-history":[{"count":73,"href":"https:\/\/pma.org.pe\/en\/wp-json\/wp\/v2\/pages\/1454\/revisions"}],"predecessor-version":[{"id":3951,"href":"https:\/\/pma.org.pe\/en\/wp-json\/wp\/v2\/pages\/1454\/revisions\/3951"}],"up":[{"embeddable":true,"href":"https:\/\/pma.org.pe\/en\/wp-json\/wp\/v2\/pages\/794"}],"wp:attachment":[{"href":"https:\/\/pma.org.pe\/en\/wp-json\/wp\/v2\/media?parent=1454"}],"curies":[{"name":"wp","href":"https:\/\/api.w.org\/{rel}","templated":true}]}}